{"id":296,"date":"2020-09-30T03:04:46","date_gmt":"2020-09-30T03:04:46","guid":{"rendered":"https:\/\/dackeplat.se\/?page_id=296"},"modified":"2023-03-06T10:12:56","modified_gmt":"2023-03-06T09:12:56","slug":"dackeplat","status":"publish","type":"page","link":"https:\/\/dackeplat.se\/","title":{"rendered":"Dackepl\u00e5t"},"content":{"rendered":"\n<div class=\"wp-block-uagb-container uagb-block-688b7f5b alignfull uagb-is-root-container\"><div class=\"uagb-container__video-wrap\"><video autoplay loop muted playsinline><source src=\"https:\/\/dackeplat.se\/wp-content\/uploads\/2023\/02\/dackeplat_bildspel.mp4\" type=\"video\/mp4\"\/><\/video><\/div><div class=\"uagb-container-inner-blocks-wrap\">\n<div class=\"wp-block-uagb-container uagb-block-0ed0ad1a\">\n<div class=\"wp-block-uagb-advanced-heading uagb-block-d0cf16b1\"><h6 class=\"uagb-heading-text\">I hj\u00e4rtat av Sm\u00e5land<\/h6><\/div>\n\n\n\n<div class=\"wp-block-uagb-info-box uagb-block-d032b452 uagb-infobox__content-wrap  uagb-infobox-icon-above-title uagb-infobox-image-valign-top\"><div class=\"uagb-ifb-content\"><div class=\"uagb-ifb-title-wrap\"><h1 class=\"uagb-ifb-title\">Pl\u00e5tslageri med tillverkning &amp; produktion<\/h1><\/div><p class=\"uagb-ifb-desc\">Vi erbjuder tj\u00e4nster inom pl\u00e5tslageri, tillverkning &amp; produktion, smide samt ventilation.<\/p><\/div><\/div>\n\n\n\n<div class=\"wp-block-uagb-buttons uagb-buttons__outer-wrap uagb-btn__default-btn uagb-btn-tablet__default-btn uagb-btn-mobile__default-btn uagb-block-14b62cd0\"><div class=\"uagb-buttons__wrap uagb-buttons-layout-wrap\">\n<div class=\"wp-block-uagb-buttons-child uagb-buttons__outer-wrap uagb-block-92cd4d20 wp-block-button\"><div class=\"uagb-button__wrapper\"><a class=\"uagb-buttons-repeater wp-block-button__link has-background has-text-color\" href=\"tel:0706322949\" onclick=\"return true;\" rel=\"follow noopener\" target=\"_self\"><div class=\"uagb-button__link\">Ring oss<\/div><\/a><\/div><\/div>\n<\/div><\/div>\n\n\n\n<div class=\"wp-block-uagb-info-box uagb-block-944a5250 uagb-infobox__content-wrap  uagb-infobox-icon-left-title uagb-infobox-left uagb-infobox-image-valign-middle\"><div class=\"uagb-ifb-content\"><div class=\"uagb-ifb-left-title-image\"><div class=\"uagb-ifb-icon-wrap\"><svg xmlns=\"https:\/\/www.w3.org\/2000\/svg\" viewBox=\"0 0 384 512\"><path d=\"M168.3 499.2C116.1 435 0 279.4 0 192C0 85.96 85.96 0 192 0C298 0 384 85.96 384 192C384 279.4 267 435 215.7 499.2C203.4 514.5 180.6 514.5 168.3 499.2H168.3zM192 256C227.3 256 256 227.3 256 192C256 156.7 227.3 128 192 128C156.7 128 128 156.7 128 192C128 227.3 156.7 256 192 256z\"><\/path><\/svg><\/div><div class=\"uagb-ifb-title-wrap\"><p class=\"uagb-ifb-title\">Dacke Pl\u00e5t AB, Verkstadsgatan 3, 577 72, Virserum<\/p><\/div><\/div><\/div><\/div>\n<\/div>\n<\/div><\/div>\n\n\n\n<div class=\"wp-block-uagb-container uagb-block-7233a570 alignfull uagb-is-root-container\"><div class=\"uagb-container-inner-blocks-wrap\">\n<div class=\"wp-block-uagb-container uagb-block-059d3866\">\n<div class=\"wp-block-uagb-advanced-heading uagb-block-70dbe1bd\"><h2 class=\"uagb-heading-text\">Om oss<\/h2><p class=\"uagb-desc-text\"><strong>Dacke Pl\u00e5t grundades 2021 av Tobias Nilsson och Bj\u00f6rn-Erik Nyyss\u00f6l\u00e4<\/strong>, som \u00e4ger och driver bolaget.<\/p><\/div>\n\n\n\n<div class=\"wp-block-uagb-advanced-heading uagb-block-242845db\"><p class=\"uagb-heading-text\">Vi erbjuder tj\u00e4nster s\u00e5som pl\u00e5tslageri, tillverkning och produktion, ventilation,  smide m.m. I v\u00e5ran verkstad i Virserum tillverkas takavvattning, beslag, specialprodukter b\u00e5de f\u00f6r f\u00f6rs\u00e4ljning och egen produktion.<\/p><\/div>\n\n\n\n<div class=\"wp-block-uagb-info-box uagb-block-a12babcd uagb-infobox__content-wrap  uagb-infobox-icon-left uagb-infobox-left uagb-infobox-stacked-mobile uagb-infobox-image-valign-top\"><div class=\"uagb-ifb-icon-wrap\"><div class=\"uagb-iconbox-icon-wrap uagb-infobox-shape-circle\"><svg xmlns=\"https:\/\/www.w3.org\/2000\/svg\" viewBox=\"0 0 512 512\"><path d=\"M18.92 351.2l108.5-46.52c12.78-5.531 27.77-1.801 36.45 8.98l44.09 53.82c69.25-34 125.5-90.31 159.5-159.5l-53.81-44.04c-10.75-8.781-14.41-23.69-8.974-36.47l46.51-108.5c6.094-13.91 21.1-21.52 35.79-18.11l100.8 23.25c14.25 3.25 24.22 15.8 24.22 30.46c0 252.3-205.2 457.5-457.5 457.5c-14.67 0-27.18-9.968-30.45-24.22l-23.25-100.8C-2.571 372.4 5.018 357.2 18.92 351.2z\"><\/path><\/svg><\/div><\/div><div class=\"uagb-ifb-content\"><div class=\"uagb-ifb-title-wrap\"><h6 class=\"uagb-ifb-title\">Sl\u00e5 oss g\u00e4rna en signal s\u00e5 ber\u00e4ttar vi mer<\/h6><\/div><p class=\"uagb-ifb-desc\"><strong><a href=\"tel:0706322949\">070-632 29 49<\/a><\/strong><\/p><\/div><\/div>\n<\/div>\n\n\n\n<div class=\"wp-block-uagb-container uagb-block-dd5a4ac0\">\n<div class=\"wp-block-uagb-advanced-heading uagb-block-12725e8b\"><h4 class=\"uagb-heading-text\">F\u00e5 en gratis offert<\/h4><\/div>\n\n\n<div class=\"wpforms-container wpforms-block\" id=\"wpforms-23\"><form id=\"wpforms-form-23\" class=\"wpforms-validate wpforms-form\" data-formid=\"23\" method=\"post\" enctype=\"multipart\/form-data\" action=\"\/index.php?rest_route=%2Fwp%2Fv2%2Fpages%2F296\" data-token=\"6888185b430e82daf4a038424897068f\"><noscript class=\"wpforms-error-noscript\">Aktivera JavaScript i din webbl\u00e4sare f\u00f6r att slutf\u00f6ra detta formul\u00e4r.<\/noscript><div class=\"wpforms-field-container\"><div id=\"wpforms-23-field_1-container\" class=\"wpforms-field wpforms-field-name\" data-field-id=\"1\"><label class=\"wpforms-field-label wpforms-label-hide\" for=\"wpforms-23-field_1\">Namn <span class=\"wpforms-required-label\">*<\/span><\/label><input type=\"text\" id=\"wpforms-23-field_1\" class=\"wpforms-field-large wpforms-field-required\" name=\"wpforms[fields][1]\" placeholder=\"F\u00f6r- och efternamn\" required><\/div><div id=\"wpforms-23-field_2-container\" class=\"wpforms-field wpforms-field-email\" data-field-id=\"2\"><label class=\"wpforms-field-label wpforms-label-hide\" for=\"wpforms-23-field_2\">E-postadress <span class=\"wpforms-required-label\">*<\/span><\/label><input type=\"email\" id=\"wpforms-23-field_2\" class=\"wpforms-field-large wpforms-field-required\" name=\"wpforms[fields][2]\" placeholder=\"Ange din e-postadress\" spellcheck=\"false\" required><\/div><div id=\"wpforms-23-field_3-container\" class=\"wpforms-field wpforms-field-number\" data-field-id=\"3\"><label class=\"wpforms-field-label wpforms-label-hide\" for=\"wpforms-23-field_3\">Telefonnummer <span class=\"wpforms-required-label\">*<\/span><\/label><input type=\"number\" pattern=\"\\d*\" id=\"wpforms-23-field_3\" class=\"wpforms-field-large wpforms-field-required\" name=\"wpforms[fields][3]\" placeholder=\"Ange ditt telefonnummer\" required><\/div><div id=\"wpforms-23-field_4-container\" class=\"wpforms-field wpforms-field-text\" data-field-id=\"4\"><label class=\"wpforms-field-label wpforms-label-hide\" for=\"wpforms-23-field_4\">Vad vill du ha hj\u00e4lp med? <span class=\"wpforms-required-label\">*<\/span><\/label><input type=\"text\" id=\"wpforms-23-field_4\" class=\"wpforms-field-large wpforms-field-required\" name=\"wpforms[fields][4]\" placeholder=\"T.ex. pl\u00e5tslageri, takbyte etc.\" required><\/div><div id=\"wpforms-23-field_5-container\" class=\"wpforms-field wpforms-field-textarea\" data-field-id=\"5\"><label class=\"wpforms-field-label wpforms-label-hide\" for=\"wpforms-23-field_5\">Beskriv ditt \u00e4rende<\/label><textarea id=\"wpforms-23-field_5\" class=\"wpforms-field-medium\" name=\"wpforms[fields][5]\" placeholder=\"Beskriv g\u00e4rna ditt \u00e4rende\" ><\/textarea><\/div><\/div><!-- .wpforms-field-container --><div class=\"wpforms-submit-container\" ><input type=\"hidden\" name=\"wpforms[id]\" value=\"23\"><input type=\"hidden\" name=\"wpforms[author]\" value=\"1\"><button type=\"submit\" name=\"wpforms[submit]\" id=\"wpforms-submit-23\" class=\"wpforms-submit\" data-alt-text=\"Skickar...\" data-submit-text=\"Skicka\" aria-live=\"assertive\" value=\"wpforms-submit\">Skicka<\/button><\/div><\/form><\/div>  <!-- .wpforms-container --><\/div>\n<\/div><\/div>\n\n\n\n<div class=\"wp-block-uagb-container uagb-block-93986f38 alignfull uagb-is-root-container\">\n<div class=\"wp-block-uagb-container uagb-block-d7aaeacb\">\n<div class=\"wp-block-uagb-advanced-heading uagb-block-e6b2f283\"><h4 class=\"uagb-heading-text\">01<\/h4><\/div>\n\n\n\n<div class=\"wp-block-uagb-info-box uagb-block-8bebeb47 uagb-infobox__content-wrap  uagb-infobox-icon-above-title uagb-infobox-image-valign-top\"><div class=\"uagb-ifb-content\"><div class=\"uagb-ifb-title-wrap\"><h3 class=\"uagb-ifb-title\">Byggnads-pl\u00e5tslageri<\/h3><\/div><p class=\"uagb-ifb-desc\">Vi utf\u00f6r alla typer av pl\u00e5tslageriarbeten s\u00e5som band och skivt\u00e4ckningar, profilerade pl\u00e5ttak, tackavvattning, skorstensinkl\u00e4dnader, huvar, f\u00f6nsterbleck, lister och beslag.<\/p><\/div><\/div>\n<\/div>\n\n\n\n<div class=\"wp-block-uagb-container uagb-block-d696ac3e\">\n<div class=\"wp-block-uagb-advanced-heading uagb-block-e8f198f4\"><h4 class=\"uagb-heading-text\">02<\/h4><\/div>\n\n\n\n<div class=\"wp-block-uagb-info-box uagb-block-743342b8 uagb-infobox__content-wrap  uagb-infobox-icon-above-title uagb-infobox-image-valign-top\"><div class=\"uagb-ifb-content\"><div class=\"uagb-ifb-title-wrap\"><h3 class=\"uagb-ifb-title\">Tillverkning &amp; produktion<\/h3><\/div><p class=\"uagb-ifb-desc\">Vi tillverkar och s\u00e4ljer specialdetaljer inom takavvattning, beslag och lister i stora som sm\u00e5 kvantiteter till grossister och byggf\u00f6retag samt privatpersoner. Vi tillverkar rektangul\u00e4ra ventilationskanaler p\u00e5 best\u00e4llning. Vi erbjuder \u00e4ven tj\u00e4nsten d\u00e4r vi kommer ut och m\u00e4ter upp kanalerna \u00e5t er.<\/p><\/div><\/div>\n<\/div>\n\n\n\n<div class=\"wp-block-uagb-container uagb-block-166c296e\">\n<div class=\"wp-block-uagb-advanced-heading uagb-block-ce71bb91\"><h4 class=\"uagb-heading-text\">03<\/h4><\/div>\n\n\n\n<div class=\"wp-block-uagb-info-box uagb-block-a66b282a uagb-infobox__content-wrap  uagb-infobox-icon-above-title uagb-infobox-image-valign-top\"><div class=\"uagb-ifb-content\"><div class=\"uagb-ifb-title-wrap\"><h3 class=\"uagb-ifb-title\">Ventilation<\/h3><\/div><p class=\"uagb-ifb-desc\">Vi hj\u00e4lper er hela v\u00e4gen fr\u00e5n kalkyl, konstruktion, montage, injustering\/ig\u00e5ngk\u00f6rning samt service.<\/p><\/div><\/div>\n<\/div>\n\n\n\n<div class=\"wp-block-uagb-container uagb-block-2457db42\">\n<div class=\"wp-block-uagb-advanced-heading uagb-block-f351af8c\"><h4 class=\"uagb-heading-text\">04<\/h4><\/div>\n\n\n\n<div class=\"wp-block-uagb-info-box uagb-block-b709cbe5 uagb-infobox__content-wrap  uagb-infobox-icon-above-title uagb-infobox-image-valign-top\"><div class=\"uagb-ifb-content\"><div class=\"uagb-ifb-title-wrap\"><h3 class=\"uagb-ifb-title\">Smide<\/h3><\/div><p class=\"uagb-ifb-desc\">Vi utf\u00f6r mindre smidesarbeten s\u00e5som staket, r\u00e4cken och kaminr\u00f6r mm.<\/p><\/div><\/div>\n<\/div>\n<\/div>\n\n\n\n<div class=\"wp-block-uagb-container uagb-block-3912f620 alignfull uagb-is-root-container\"><div class=\"uagb-container-inner-blocks-wrap\">\n<div class=\"wp-block-uagb-advanced-heading uagb-block-1048a5d1\"><h2 class=\"uagb-heading-text\">Kontakta oss<\/h2><\/div>\n<\/div><\/div>\n\n\n\n<div class=\"wp-block-uagb-container uagb-block-b0dc32d8 alignfull uagb-is-root-container\"><div class=\"uagb-container-inner-blocks-wrap\">\n<div class=\"wp-block-uagb-container uagb-block-5c53b52c\">\n<div class=\"wp-block-uagb-image uagb-block-6ef5dfde wp-block-uagb-image--layout-default wp-block-uagb-image--effect-static wp-block-uagb-image--align-none\"><figure class=\"wp-block-uagb-image__figure\"><img decoding=\"async\" srcset=\"https:\/\/dackeplat.se\/wp-content\/uploads\/2023\/02\/Tobbe-2-scaled.jpg \" src=\"https:\/\/dackeplat.se\/wp-content\/uploads\/2023\/02\/Tobbe-2-scaled.jpg\" alt=\"Tobias Nilsson\" class=\"uag-image-1161\" width=\"1829\" height=\"2560\" title=\"\" loading=\"lazy\"\/><\/figure><\/div>\n<\/div>\n\n\n\n<div class=\"wp-block-uagb-container uagb-block-00fdff5b\">\n<div class=\"wp-block-uagb-advanced-heading uagb-block-80640d74\"><h5 class=\"uagb-heading-text\">Tobias Nilsson<\/h5><p class=\"uagb-desc-text\">070-632 29 49<br>tobbe@dackeplat.se<\/p><\/div>\n<\/div>\n<\/div><\/div>\n\n\n\n<div class=\"wp-block-uagb-container uagb-block-246611c7 alignfull uagb-is-root-container\"><div class=\"uagb-container-inner-blocks-wrap\">\n<div class=\"wp-block-uagb-container uagb-block-64494bf6\">\n<div class=\"wp-block-uagb-image uagb-block-87ca69b2 wp-block-uagb-image--layout-default wp-block-uagb-image--effect-static wp-block-uagb-image--align-none\"><figure class=\"wp-block-uagb-image__figure\"><img decoding=\"async\" srcset=\"https:\/\/dackeplat.se\/wp-content\/uploads\/2023\/02\/Bjorne-768x1024.jpg \" src=\"https:\/\/dackeplat.se\/wp-content\/uploads\/2023\/02\/Bjorne-768x1024.jpg\" alt=\"\" class=\"uag-image-1159\" width=\"768\" height=\"1024\" title=\"\" loading=\"lazy\"\/><\/figure><\/div>\n<\/div>\n\n\n\n<div class=\"wp-block-uagb-container uagb-block-ffd6e8ef\">\n<div class=\"wp-block-uagb-advanced-heading uagb-block-4c2214df\"><h5 class=\"uagb-heading-text\">Bj\u00f6rn-Erik Nyyss\u00f6l\u00e4<\/h5><p class=\"uagb-desc-text\">073-087 15 75<br>bjorne@dackeplat.se<\/p><\/div>\n<\/div>\n<\/div><\/div>\n\n\n\n<div class=\"wp-block-uagb-container uagb-block-95632c30 alignfull uagb-is-root-container\"><div class=\"uagb-container-inner-blocks-wrap\">\t\t\t<div \n\t\t\tclass=\"wp-block-uagb-google-map uagb-google-map__wrap uagb-block-fb6150bf    \"\n\t\t\tstyle=\"\" >\n\t\t\t\t<iframe\n\t\t\t\t\tclass=\"uagb-google-map__iframe\"\n\t\t\t\t\ttitle=\"Google Map for \"\n\t\t\t\t\tsrc=\"https:\/\/maps.google.com\/maps?q=Dacke%20Pl%C3%A5t%20AB%2C%20Verkstadsgatan%203%2C%2057772%2C%20Virserum&#038;z=16&#038;hl=sv&#038;t=m&#038;output=embed&#038;iwloc=near\"\n\t\t\t\t\twidth=\"640\"\n\t\t\t\t\theight=\"450\"\n\t\t\t\t\tloading=\"lazy\"\n\t\t\t\t><\/iframe>\n\t\t\t<\/div>\n\t\t\t<\/div><\/div>\n","protected":false},"excerpt":{"rendered":"<p>I hj\u00e4rtat av Sm\u00e5land Om oss Dacke Pl\u00e5t grundades 2021 av Tobias Nilsson och Bj\u00f6rn-Erik Nyyss\u00f6l\u00e4, som \u00e4ger och driver bolaget. Vi erbjuder tj\u00e4nster s\u00e5som pl\u00e5tslageri, tillverkning och produktion, ventilation, smide m.m. I v\u00e5ran verkstad i Virserum tillverkas takavvattning, beslag, specialprodukter b\u00e5de f\u00f6r f\u00f6rs\u00e4ljning och egen produktion. F\u00e5 en gratis offert 01 02 03 04 &hellip;<\/p>\n<p class=\"read-more\"> <a class=\"\" href=\"https:\/\/dackeplat.se\/\"> <span class=\"screen-reader-text\">Dackepl\u00e5t<\/span> L\u00e4s mer &raquo;<\/a><\/p>\n","protected":false},"author":1,"featured_media":0,"parent":0,"menu_order":0,"comment_status":"closed","ping_status":"closed","template":"","meta":{"_uag_custom_page_level_css":"","site-sidebar-layout":"no-sidebar","site-content-layout":"plain-container","ast-site-content-layout":"","site-content-style":"default","site-sidebar-style":"default","ast-global-header-display":"","ast-banner-title-visibility":"","ast-main-header-display":"","ast-hfb-above-header-display":"","ast-hfb-below-header-display":"","ast-hfb-mobile-header-display":"","site-post-title":"disabled","ast-breadcrumbs-content":"","ast-featured-img":"disabled","footer-sml-layout":"","theme-transparent-header-meta":"enabled","adv-header-id-meta":"","stick-header-meta":"","header-above-stick-meta":"","header-main-stick-meta":"","header-below-stick-meta":"","astra-migrate-meta-layouts":"","footnotes":""},"class_list":["post-296","page","type-page","status-publish","hentry"],"uagb_featured_image_src":{"full":false,"thumbnail":false,"medium":false,"medium_large":false,"large":false,"1536x1536":false,"2048x2048":false},"uagb_author_info":{"display_name":"admin","author_link":"https:\/\/dackeplat.se\/?author=1"},"uagb_comment_info":0,"uagb_excerpt":"I hj\u00e4rtat av Sm\u00e5land Om oss Dacke Pl\u00e5t grundades 2021 av Tobias Nilsson och Bj\u00f6rn-Erik Nyyss\u00f6l\u00e4, som \u00e4ger och driver bolaget. Vi erbjuder tj\u00e4nster s\u00e5som pl\u00e5tslageri, tillverkning och produktion, ventilation, smide m.m. I v\u00e5ran verkstad i Virserum tillverkas takavvattning, beslag, specialprodukter b\u00e5de f\u00f6r f\u00f6rs\u00e4ljning och egen produktion. F\u00e5 en gratis offert 01 02 03 04&hellip;","_links":{"self":[{"href":"https:\/\/dackeplat.se\/index.php?rest_route=\/wp\/v2\/pages\/296","targetHints":{"allow":["GET"]}}],"collection":[{"href":"https:\/\/dackeplat.se\/index.php?rest_route=\/wp\/v2\/pages"}],"about":[{"href":"https:\/\/dackeplat.se\/index.php?rest_route=\/wp\/v2\/types\/page"}],"author":[{"embeddable":true,"href":"https:\/\/dackeplat.se\/index.php?rest_route=\/wp\/v2\/users\/1"}],"replies":[{"embeddable":true,"href":"https:\/\/dackeplat.se\/index.php?rest_route=%2Fwp%2Fv2%2Fcomments&post=296"}],"version-history":[{"count":73,"href":"https:\/\/dackeplat.se\/index.php?rest_route=\/wp\/v2\/pages\/296\/revisions"}],"predecessor-version":[{"id":1310,"href":"https:\/\/dackeplat.se\/index.php?rest_route=\/wp\/v2\/pages\/296\/revisions\/1310"}],"wp:attachment":[{"href":"https:\/\/dackeplat.se\/index.php?rest_route=%2Fwp%2Fv2%2Fmedia&parent=296"}],"curies":[{"name":"wp","href":"https:\/\/api.w.org\/{rel}","templated":true}]}}